{"id":1637,"date":"2024-02-23T17:01:34","date_gmt":"2024-02-23T16:01:34","guid":{"rendered":"https:\/\/lospozo.com\/?page_id=1637"},"modified":"2024-02-24T12:09:35","modified_gmt":"2024-02-24T11:09:35","slug":"vino-tinto-matarromera","status":"publish","type":"page","link":"https:\/\/lospozo.com\/index.php\/vino-tinto-matarromera\/","title":{"rendered":"Tinto Matarromera"},"content":{"rendered":"\t\t<div data-elementor-type=\"wp-page\" data-elementor-id=\"1637\" class=\"elementor elementor-1637\" data-elementor-post-type=\"page\">\n\t\t\t\t<div class=\"elementor-element elementor-element-2da3f86 e-flex e-con-boxed e-con e-parent\" data-id=\"2da3f86\" data-element_type=\"container\">\n\t\t\t\t\t<div class=\"e-con-inner\">\n\t\t<div class=\"elementor-element elementor-element-5885026 e-con-full e-flex e-con e-child\" data-id=\"5885026\" data-element_type=\"container\">\n\t\t\t\t<div class=\"elementor-element elementor-element-0f30086 elementor-widget elementor-widget-image\" data-id=\"0f30086\" data-element_type=\"widget\" data-widget_type=\"image.default\">\n\t\t\t\t<div class=\"elementor-widget-container\">\n\t\t\t\t\t\t\t\t\t\t\t\t\t\t\t<img fetchpriority=\"high\" decoding=\"async\" width=\"800\" height=\"800\" src=\"https:\/\/lospozo.com\/wp-content\/uploads\/2023\/12\/matarromera-crianza.jpg\" class=\"attachment-large size-large wp-image-886\" alt=\"\" srcset=\"https:\/\/lospozo.com\/wp-content\/uploads\/2023\/12\/matarromera-crianza.jpg 800w, https:\/\/lospozo.com\/wp-content\/uploads\/2023\/12\/matarromera-crianza-300x300.jpg 300w, https:\/\/lospozo.com\/wp-content\/uploads\/2023\/12\/matarromera-crianza-100x100.jpg 100w, https:\/\/lospozo.com\/wp-content\/uploads\/2023\/12\/matarromera-crianza-600x600.jpg 600w, https:\/\/lospozo.com\/wp-content\/uploads\/2023\/12\/matarromera-crianza-150x150.jpg 150w, https:\/\/lospozo.com\/wp-content\/uploads\/2023\/12\/matarromera-crianza-768x768.jpg 768w\" sizes=\"(max-width: 800px) 100vw, 800px\" \/>\t\t\t\t\t\t\t\t\t\t\t\t\t\t\t<\/div>\n\t\t\t\t<\/div>\n\t\t\t\t<\/div>\n\t\t<div class=\"elementor-element elementor-element-7a3d7e1 e-con-full e-flex e-con e-child\" data-id=\"7a3d7e1\" data-element_type=\"container\">\n\t\t<div class=\"elementor-element elementor-element-c921c1d e-flex e-con-boxed e-con e-child\" data-id=\"c921c1d\" data-element_type=\"container\">\n\t\t\t\t\t<div class=\"e-con-inner\">\n\t\t\t\t\t<\/div>\n\t\t\t\t<\/div>\n\t\t<div class=\"elementor-element elementor-element-0a06117 e-flex e-con-boxed e-con e-child\" data-id=\"0a06117\" data-element_type=\"container\">\n\t\t\t\t\t<div class=\"e-con-inner\">\n\t\t\t\t<div class=\"elementor-element elementor-element-bce3a9d elementor-widget elementor-widget-text-editor\" data-id=\"bce3a9d\" data-element_type=\"widget\" data-widget_type=\"text-editor.default\">\n\t\t\t\t<div class=\"elementor-widget-container\">\n\t\t\t\t\t\t\t\t\t<h2><strong>\u00a0MATARROMERA CRIANZA\u00a0 \u00a0 \u00a0 \u00a0Excelencia en cada Copa<\/strong><\/h2><table class=\"wineFacts__wineFacts--2Ih8B\"><caption class=\"wineFacts__headline--3p_-q\"><strong><span style=\"color: #000000;\">Datos acerca del vino<\/span><\/strong><\/caption><tbody><tr data-testid=\"wineFactRow\"><th><div class=\"wineFacts__headingWrapper--1wh-N\"><strong><span class=\"wineFacts__headerLabel--14doB\" style=\"color: #000000;\">Bodega<\/span><\/strong><\/div><\/th><td class=\"wineFacts__fact--3BAsi\"><span style=\"color: #ff6600;\">Matarromera<\/span><\/td><\/tr><tr data-testid=\"wineFactRow\"><th><div class=\"wineFacts__headingWrapper--1wh-N\"><span style=\"color: #000000;\"><span class=\"wineFacts__headerLabel--14doB\">Uvas<\/span><\/span><\/div><\/th><td class=\"wineFacts__fact--3BAsi\"><span style=\"color: #ff6600;\"><a class=\"anchor_anchor__m8Qi- wineFacts__link--3aTg9\" style=\"color: #ff6600;\" href=\"https:\/\/www.vivino.com\/grapes\/tempranillo\">Tempranillo<\/a><\/span><\/td><\/tr><tr data-testid=\"wineFactRow\"><th><div class=\"wineFacts__headingWrapper--1wh-N\"><strong><span class=\"wineFacts__headerLabel--14doB\" style=\"color: #000000;\">Regi\u00f3n<\/span><\/strong><\/div><\/th><td class=\"wineFacts__fact--3BAsi\"><span style=\"color: #ff6600;\">Espa\u00f1a \/ Castilla y Le\u00f3n \/ Ribera del Duero<\/span><\/td><\/tr><tr data-testid=\"wineFactRow\"><th><div class=\"wineFacts__headingWrapper--1wh-N\"><strong><span class=\"wineFacts__headerLabel--14doB\" style=\"color: #000000;\">Estilo de vino<\/span><\/strong><\/div><\/th><td class=\"wineFacts__fact--3BAsi\"><span style=\"color: #ff6600;\">Ribera del Duero Tinto (Espa\u00f1a)<\/span><\/td><\/tr><tr data-testid=\"wineFactRow\"><th><div class=\"wineFacts__headingWrapper--1wh-N\"><strong><span class=\"wineFacts__headerLabel--14doB\" style=\"color: #000000;\">Contenido de alcohol<\/span><\/strong><\/div><\/th><td class=\"wineFacts__fact--3BAsi\"><span style=\"color: #ff6600;\">14.64%<\/span><\/td><\/tr><tr data-testid=\"wineFactRow\"><th><div class=\"wineFacts__headingWrapper--1wh-N\"><strong><span class=\"wineFacts__headerLabel--14doB\" style=\"color: #000000;\">Al\u00e9rgenos<\/span><\/strong><\/div><\/th><td class=\"wineFacts__fact--3BAsi\"><span style=\"color: #ff6600;\">Contiene<\/span> <span style=\"color: #ff6600;\">sulfitos<\/span><\/td><\/tr><tr data-testid=\"wineFactRow\"><th><div class=\"wineFacts__headingWrapper--1wh-N\"><h3>Descripci\u00f3n del vino<\/h3><\/div><\/th><td class=\"wineFacts__fact--3BAsi\"><span style=\"color: #ff6600;\">Limpio y brillante. Color cereza intenso con reflejos viol\u00e1ceos. En nariz es muy complejo. Excelente armon\u00eda: fresa, mora e higos; algunos toques de aromas l\u00e1cteos; la crianza da como resultado una madera limpia y nueva con aromas tostados, caf\u00e9, vainilla, cuero y cacao. En boca, potente, extraordinaria columna vertebral y elegante. Taninos dulces y pulidos perfectamente equilibrados con sabores especiados y afrutados. Final suave y persistente.<\/span><\/td><\/tr><\/tbody><\/table>\t\t\t\t\t\t\t\t<\/div>\n\t\t\t\t<\/div>\n\t\t\t\t\t<\/div>\n\t\t\t\t<\/div>\n\t\t\t\t<\/div>\n\t\t\t\t\t<\/div>\n\t\t\t\t<\/div>\n\t\t\t\t<\/div>\n\t\t","protected":false},"excerpt":{"rendered":"<p>\u00a0MATARROMERA CRIANZA\u00a0 \u00a0 \u00a0 \u00a0Excelencia en cada Copa Datos acerca del vino Bodega Matarromera Uvas Tempranillo Regi\u00f3n Espa\u00f1a \/ Castilla y Le\u00f3n \/ Ribera del Duero Estilo de vino Ribera del Duero Tinto (Espa\u00f1a) Contenido de alcohol 14.64% Al\u00e9rgenos Contiene sulfitos Descripci\u00f3n del vino Limpio y brillante. Color cereza intenso con reflejos viol\u00e1ceos. En nariz [&hellip;]<\/p>\n","protected":false},"author":2,"featured_media":0,"parent":0,"menu_order":0,"comment_status":"closed","ping_status":"closed","template":"","meta":{"site-sidebar-layout":"no-sidebar","site-content-layout":"","ast-site-content-layout":"full-width-container","site-content-style":"default","site-sidebar-style":"default","ast-global-header-display":"","ast-banner-title-visibility":"","ast-main-header-display":"","ast-hfb-above-header-display":"","ast-hfb-below-header-display":"","ast-hfb-mobile-header-display":"","site-post-title":"disabled","ast-breadcrumbs-content":"","ast-featured-img":"disabled","footer-sml-layout":"","theme-transparent-header-meta":"","adv-header-id-meta":"","stick-header-meta":"","header-above-stick-meta":"","header-main-stick-meta":"","header-below-stick-meta":"","astra-migrate-meta-layouts":"default","ast-page-background-enabled":"default","ast-page-background-meta":{"desktop":{"background-color":"var(--ast-global-color-4)","background-image":"","background-repeat":"repeat","background-position":"center center","background-size":"auto","background-attachment":"scroll","background-type":"","background-media":"","overlay-type":"","overlay-color":"","overlay-opacity":"","overlay-gradient":""},"tablet":{"background-color":"","background-image":"","background-repeat":"repeat","background-position":"center center","background-size":"auto","background-attachment":"scroll","background-type":"","background-media":"","overlay-type":"","overlay-color":"","overlay-opacity":"","overlay-gradient":""},"mobile":{"background-color":"","background-image":"","background-repeat":"repeat","background-position":"center center","background-size":"auto","background-attachment":"scroll","background-type":"","background-media":"","overlay-type":"","overlay-color":"","overlay-opacity":"","overlay-gradient":""}},"ast-content-background-meta":{"desktop":{"background-color":"var(--ast-global-color-5)","background-image":"","background-repeat":"repeat","background-position":"center center","background-size":"auto","background-attachment":"scroll","background-type":"","background-media":"","overlay-type":"","overlay-color":"","overlay-opacity":"","overlay-gradient":""},"tablet":{"background-color":"var(--ast-global-color-5)","background-image":"","background-repeat":"repeat","background-position":"center center","background-size":"auto","background-attachment":"scroll","background-type":"","background-media":"","overlay-type":"","overlay-color":"","overlay-opacity":"","overlay-gradient":""},"mobile":{"background-color":"var(--ast-global-color-5)","background-image":"","background-repeat":"repeat","background-position":"center center","background-size":"auto","background-attachment":"scroll","background-type":"","background-media":"","overlay-type":"","overlay-color":"","overlay-opacity":"","overlay-gradient":""}},"footnotes":""},"class_list":["post-1637","page","type-page","status-publish","hentry"],"_links":{"self":[{"href":"https:\/\/lospozo.com\/index.php\/wp-json\/wp\/v2\/pages\/1637","targetHints":{"allow":["GET"]}}],"collection":[{"href":"https:\/\/lospozo.com\/index.php\/wp-json\/wp\/v2\/pages"}],"about":[{"href":"https:\/\/lospozo.com\/index.php\/wp-json\/wp\/v2\/types\/page"}],"author":[{"embeddable":true,"href":"https:\/\/lospozo.com\/index.php\/wp-json\/wp\/v2\/users\/2"}],"replies":[{"embeddable":true,"href":"https:\/\/lospozo.com\/index.php\/wp-json\/wp\/v2\/comments?post=1637"}],"version-history":[{"count":26,"href":"https:\/\/lospozo.com\/index.php\/wp-json\/wp\/v2\/pages\/1637\/revisions"}],"predecessor-version":[{"id":1960,"href":"https:\/\/lospozo.com\/index.php\/wp-json\/wp\/v2\/pages\/1637\/revisions\/1960"}],"wp:attachment":[{"href":"https:\/\/lospozo.com\/index.php\/wp-json\/wp\/v2\/media?parent=1637"}],"curies":[{"name":"wp","href":"https:\/\/api.w.org\/{rel}","templated":true}]}}