{"id":1632,"date":"2024-02-23T16:59:59","date_gmt":"2024-02-23T15:59:59","guid":{"rendered":"https:\/\/lospozo.com\/?page_id=1632"},"modified":"2024-02-24T11:54:46","modified_gmt":"2024-02-24T10:54:46","slug":"vino-tinto-pesquera","status":"publish","type":"page","link":"https:\/\/lospozo.com\/index.php\/vino-tinto-pesquera\/","title":{"rendered":"Tinto Pesquera"},"content":{"rendered":"\t\t<div data-elementor-type=\"wp-page\" data-elementor-id=\"1632\" class=\"elementor elementor-1632\" data-elementor-post-type=\"page\">\n\t\t\t\t<div class=\"elementor-element elementor-element-fd60bcd e-flex e-con-boxed e-con e-parent\" data-id=\"fd60bcd\" data-element_type=\"container\">\n\t\t\t\t\t<div class=\"e-con-inner\">\n\t\t<div class=\"elementor-element elementor-element-ceaf580 e-con-full e-flex e-con e-child\" data-id=\"ceaf580\" data-element_type=\"container\">\n\t\t\t\t<div class=\"elementor-element elementor-element-612bbca elementor-widget elementor-widget-image\" data-id=\"612bbca\" data-element_type=\"widget\" data-widget_type=\"image.default\">\n\t\t\t\t<div class=\"elementor-widget-container\">\n\t\t\t\t\t\t\t\t\t\t\t\t\t\t\t<img fetchpriority=\"high\" decoding=\"async\" width=\"800\" height=\"800\" src=\"https:\/\/lospozo.com\/wp-content\/uploads\/2023\/12\/pesquera-crianza.png\" class=\"attachment-large size-large wp-image-878\" alt=\"\" srcset=\"https:\/\/lospozo.com\/wp-content\/uploads\/2023\/12\/pesquera-crianza.png 800w, https:\/\/lospozo.com\/wp-content\/uploads\/2023\/12\/pesquera-crianza-300x300.png 300w, https:\/\/lospozo.com\/wp-content\/uploads\/2023\/12\/pesquera-crianza-100x100.png 100w, https:\/\/lospozo.com\/wp-content\/uploads\/2023\/12\/pesquera-crianza-600x600.png 600w, https:\/\/lospozo.com\/wp-content\/uploads\/2023\/12\/pesquera-crianza-150x150.png 150w, https:\/\/lospozo.com\/wp-content\/uploads\/2023\/12\/pesquera-crianza-768x768.png 768w\" sizes=\"(max-width: 800px) 100vw, 800px\" \/>\t\t\t\t\t\t\t\t\t\t\t\t\t\t\t<\/div>\n\t\t\t\t<\/div>\n\t\t\t\t<\/div>\n\t\t<div class=\"elementor-element elementor-element-0a778e7 e-con-full e-flex e-con e-child\" data-id=\"0a778e7\" data-element_type=\"container\">\n\t\t<div class=\"elementor-element elementor-element-04b71d8 e-flex e-con-boxed e-con e-child\" data-id=\"04b71d8\" data-element_type=\"container\">\n\t\t\t\t\t<div class=\"e-con-inner\">\n\t\t\t\t\t<\/div>\n\t\t\t\t<\/div>\n\t\t<div class=\"elementor-element elementor-element-b267897 e-flex e-con-boxed e-con e-child\" data-id=\"b267897\" data-element_type=\"container\">\n\t\t\t\t\t<div class=\"e-con-inner\">\n\t\t\t\t<div class=\"elementor-element elementor-element-b6098d9 elementor-widget elementor-widget-text-editor\" data-id=\"b6098d9\" data-element_type=\"widget\" data-widget_type=\"text-editor.default\">\n\t\t\t\t<div class=\"elementor-widget-container\">\n\t\t\t\t\t\t\t\t\t<div class=\"product-name\"><h2 class=\"titleproduct\">TINTO PESQUERA CRIANZA<\/h2><h3 class=\"subtitleproduct\"><b>Un mito de Ribera del Duero en dos a\u00f1adas Excelentes<\/b><\/h3><\/div><div class=\"std description\"><table class=\"wineFacts__wineFacts--2Ih8B\"><caption class=\"wineFacts__headline--3p_-q\"><span style=\"color: #000000;\"><strong>Datos acerca del vino<\/strong><\/span><\/caption><tbody><tr data-testid=\"wineFactRow\"><th><div class=\"wineFacts__headingWrapper--1wh-N\"><span style=\"color: #000000;\"><strong><span class=\"wineFacts__headerLabel--14doB\">Bodega<\/span><\/strong><\/span><\/div><\/th><td class=\"wineFacts__fact--3BAsi\"><span style=\"color: #ff6600;\">Tinto Pesquera<\/span><\/td><\/tr><tr data-testid=\"wineFactRow\"><th><div class=\"wineFacts__headingWrapper--1wh-N\"><strong><span class=\"wineFacts__headerLabel--14doB\" style=\"color: #000000;\">Uvas<\/span><\/strong><\/div><\/th><td class=\"wineFacts__fact--3BAsi\"><span style=\"color: #ff6600;\">Tempranillo<\/span><\/td><\/tr><tr data-testid=\"wineFactRow\"><th><div class=\"wineFacts__headingWrapper--1wh-N\"><strong><span class=\"wineFacts__headerLabel--14doB\" style=\"color: #000000;\">Regi\u00f3n<\/span><\/strong><\/div><\/th><td class=\"wineFacts__fact--3BAsi\"><span style=\"color: #ff6600;\">Espa\u00f1a\/ Castilla Le\u00f3n \/ Ribera del Duero<\/span><\/td><\/tr><tr data-testid=\"wineFactRow\"><th><div class=\"wineFacts__headingWrapper--1wh-N\"><strong><span class=\"wineFacts__headerLabel--14doB\" style=\"color: #000000;\">Estilo de vino<\/span><\/strong><\/div><\/th><td class=\"wineFacts__fact--3BAsi\"><span style=\"color: #ff6600;\">Ribera del Duero Tinto (Espa\u00f1a)<\/span><\/td><\/tr><tr data-testid=\"wineFactRow\"><th><div class=\"wineFacts__headingWrapper--1wh-N\"><span style=\"color: #000000;\"><strong><span class=\"wineFacts__headerLabel--14doB\">Contenido de alcohol<\/span><\/strong><\/span><\/div><\/th><td class=\"wineFacts__fact--3BAsi\"><span style=\"color: #ff6600;\">14%<\/span><\/td><\/tr><tr data-testid=\"wineFactRow\"><th><div class=\"wineFacts__headingWrapper--1wh-N\"><strong><span class=\"wineFacts__headerLabel--14doB\" style=\"color: #000000;\">Al\u00e9rgenos<\/span><\/strong><\/div><\/th><td class=\"wineFacts__fact--3BAsi\"><span style=\"color: #ff6600;\">Contiene sulfitos<\/span><\/td><\/tr><tr data-testid=\"wineFactRow\"><th><div class=\"wineFacts__headingWrapper--1wh-N\"><h3>Descripci\u00f3n del vino<\/h3><\/div><\/th><td class=\"wineFacts__fact--3BAsi\"><span style=\"color: #ff6600;\">Uno de los mejores vinos del pa\u00eds en versi\u00f3n Crianza y Reserva. Tinto Pesquera (1972) fue la bodega que comenz\u00f3 a dar fama a Ribera del Duero antes de la creaci\u00f3n de la D.O., y su trayectoria est\u00e1 jalonada de \u00e9xitos: incluso el cr\u00edtico Robert Parker lo compar\u00f3 en los a\u00f1os ochenta con el extraordinario P\u00e9trus. La receta del \u00e9xito de la bodega, casa matriz de la familia Fern\u00e1ndez Rivera, se ha mantenido inalterable: 100% tempranillo y roble americano. Date el capricho de disfrutar estas Navidades de una de las grandes etiquetas del pa\u00eds. Adem\u00e1s, tanto el Crianza como el Reserva nacen de cosechas calificadas como Excelentes. Puro deleite.<\/span><\/td><\/tr><\/tbody><\/table><\/div>\t\t\t\t\t\t\t\t<\/div>\n\t\t\t\t<\/div>\n\t\t\t\t\t<\/div>\n\t\t\t\t<\/div>\n\t\t\t\t<\/div>\n\t\t\t\t\t<\/div>\n\t\t\t\t<\/div>\n\t\t\t\t<\/div>\n\t\t","protected":false},"excerpt":{"rendered":"<p>TINTO PESQUERA CRIANZA Un mito de Ribera del Duero en dos a\u00f1adas Excelentes Datos acerca del vino Bodega Tinto Pesquera Uvas Tempranillo Regi\u00f3n Espa\u00f1a\/ Castilla Le\u00f3n \/ Ribera del Duero Estilo de vino Ribera del Duero Tinto (Espa\u00f1a) Contenido de alcohol 14% Al\u00e9rgenos Contiene sulfitos Descripci\u00f3n del vino Uno de los mejores vinos del pa\u00eds [&hellip;]<\/p>\n","protected":false},"author":2,"featured_media":0,"parent":0,"menu_order":0,"comment_status":"closed","ping_status":"closed","template":"","meta":{"site-sidebar-layout":"no-sidebar","site-content-layout":"","ast-site-content-layout":"full-width-container","site-content-style":"default","site-sidebar-style":"default","ast-global-header-display":"","ast-banner-title-visibility":"","ast-main-header-display":"","ast-hfb-above-header-display":"","ast-hfb-below-header-display":"","ast-hfb-mobile-header-display":"","site-post-title":"disabled","ast-breadcrumbs-content":"","ast-featured-img":"disabled","footer-sml-layout":"","theme-transparent-header-meta":"","adv-header-id-meta":"","stick-header-meta":"","header-above-stick-meta":"","header-main-stick-meta":"","header-below-stick-meta":"","astra-migrate-meta-layouts":"default","ast-page-background-enabled":"default","ast-page-background-meta":{"desktop":{"background-color":"var(--ast-global-color-4)","background-image":"","background-repeat":"repeat","background-position":"center center","background-size":"auto","background-attachment":"scroll","background-type":"","background-media":"","overlay-type":"","overlay-color":"","overlay-opacity":"","overlay-gradient":""},"tablet":{"background-color":"","background-image":"","background-repeat":"repeat","background-position":"center center","background-size":"auto","background-attachment":"scroll","background-type":"","background-media":"","overlay-type":"","overlay-color":"","overlay-opacity":"","overlay-gradient":""},"mobile":{"background-color":"","background-image":"","background-repeat":"repeat","background-position":"center center","background-size":"auto","background-attachment":"scroll","background-type":"","background-media":"","overlay-type":"","overlay-color":"","overlay-opacity":"","overlay-gradient":""}},"ast-content-background-meta":{"desktop":{"background-color":"var(--ast-global-color-5)","background-image":"","background-repeat":"repeat","background-position":"center center","background-size":"auto","background-attachment":"scroll","background-type":"","background-media":"","overlay-type":"","overlay-color":"","overlay-opacity":"","overlay-gradient":""},"tablet":{"background-color":"var(--ast-global-color-5)","background-image":"","background-repeat":"repeat","background-position":"center center","background-size":"auto","background-attachment":"scroll","background-type":"","background-media":"","overlay-type":"","overlay-color":"","overlay-opacity":"","overlay-gradient":""},"mobile":{"background-color":"var(--ast-global-color-5)","background-image":"","background-repeat":"repeat","background-position":"center center","background-size":"auto","background-attachment":"scroll","background-type":"","background-media":"","overlay-type":"","overlay-color":"","overlay-opacity":"","overlay-gradient":""}},"footnotes":""},"class_list":["post-1632","page","type-page","status-publish","hentry"],"_links":{"self":[{"href":"https:\/\/lospozo.com\/index.php\/wp-json\/wp\/v2\/pages\/1632","targetHints":{"allow":["GET"]}}],"collection":[{"href":"https:\/\/lospozo.com\/index.php\/wp-json\/wp\/v2\/pages"}],"about":[{"href":"https:\/\/lospozo.com\/index.php\/wp-json\/wp\/v2\/types\/page"}],"author":[{"embeddable":true,"href":"https:\/\/lospozo.com\/index.php\/wp-json\/wp\/v2\/users\/2"}],"replies":[{"embeddable":true,"href":"https:\/\/lospozo.com\/index.php\/wp-json\/wp\/v2\/comments?post=1632"}],"version-history":[{"count":11,"href":"https:\/\/lospozo.com\/index.php\/wp-json\/wp\/v2\/pages\/1632\/revisions"}],"predecessor-version":[{"id":1906,"href":"https:\/\/lospozo.com\/index.php\/wp-json\/wp\/v2\/pages\/1632\/revisions\/1906"}],"wp:attachment":[{"href":"https:\/\/lospozo.com\/index.php\/wp-json\/wp\/v2\/media?parent=1632"}],"curies":[{"name":"wp","href":"https:\/\/api.w.org\/{rel}","templated":true}]}}