{"id":1627,"date":"2024-02-23T16:58:24","date_gmt":"2024-02-23T15:58:24","guid":{"rendered":"https:\/\/lospozo.com\/?page_id=1627"},"modified":"2024-02-26T11:22:04","modified_gmt":"2024-02-26T10:22:04","slug":"vino-tinto-castillo-de-aza","status":"publish","type":"page","link":"https:\/\/lospozo.com\/index.php\/vino-tinto-castillo-de-aza\/","title":{"rendered":"Castillo de Aza"},"content":{"rendered":"\t\t<div data-elementor-type=\"wp-page\" data-elementor-id=\"1627\" class=\"elementor elementor-1627\" data-elementor-post-type=\"page\">\n\t\t\t\t<div class=\"elementor-element elementor-element-38645d8 e-flex e-con-boxed e-con e-parent\" data-id=\"38645d8\" data-element_type=\"container\">\n\t\t\t\t\t<div class=\"e-con-inner\">\n\t\t<div class=\"elementor-element elementor-element-337c72d e-con-full e-flex e-con e-child\" data-id=\"337c72d\" data-element_type=\"container\">\n\t\t\t\t<div class=\"elementor-element elementor-element-f0e2958 elementor-widget elementor-widget-image\" data-id=\"f0e2958\" data-element_type=\"widget\" data-widget_type=\"image.default\">\n\t\t\t\t<div class=\"elementor-widget-container\">\n\t\t\t\t\t\t\t\t\t\t\t\t\t\t\t<img fetchpriority=\"high\" decoding=\"async\" width=\"452\" height=\"452\" src=\"https:\/\/lospozo.com\/wp-content\/uploads\/2023\/12\/vino-castillo-de-aza-roble.jpg\" class=\"attachment-large size-large wp-image-876\" alt=\"\" srcset=\"https:\/\/lospozo.com\/wp-content\/uploads\/2023\/12\/vino-castillo-de-aza-roble.jpg 452w, https:\/\/lospozo.com\/wp-content\/uploads\/2023\/12\/vino-castillo-de-aza-roble-300x300.jpg 300w, https:\/\/lospozo.com\/wp-content\/uploads\/2023\/12\/vino-castillo-de-aza-roble-100x100.jpg 100w, https:\/\/lospozo.com\/wp-content\/uploads\/2023\/12\/vino-castillo-de-aza-roble-150x150.jpg 150w\" sizes=\"(max-width: 452px) 100vw, 452px\" \/>\t\t\t\t\t\t\t\t\t\t\t\t\t\t\t<\/div>\n\t\t\t\t<\/div>\n\t\t\t\t<\/div>\n\t\t<div class=\"elementor-element elementor-element-f1eb3df e-con-full e-flex e-con e-child\" data-id=\"f1eb3df\" data-element_type=\"container\">\n\t\t<div class=\"elementor-element elementor-element-d817a43 e-flex e-con-boxed e-con e-child\" data-id=\"d817a43\" data-element_type=\"container\">\n\t\t\t\t\t<div class=\"e-con-inner\">\n\t\t\t\t\t<\/div>\n\t\t\t\t<\/div>\n\t\t<div class=\"elementor-element elementor-element-5f5426e e-flex e-con-boxed e-con e-child\" data-id=\"5f5426e\" data-element_type=\"container\">\n\t\t\t\t\t<div class=\"e-con-inner\">\n\t\t\t\t<div class=\"elementor-element elementor-element-f84808c elementor-widget elementor-widget-text-editor\" data-id=\"f84808c\" data-element_type=\"widget\" data-widget_type=\"text-editor.default\">\n\t\t\t\t<div class=\"elementor-widget-container\">\n\t\t\t\t\t\t\t\t\t<h1>\u00a0 \u00a0 \u00a0 \u00a0CASTILLO DE AZA<\/h1><h2><strong>\u00a0 \u00a0 \u00a0 \u00a0 \u00a0 \u00a0Fresco y equilibrado<\/strong><\/h2><table class=\"wineFacts__wineFacts--2Ih8B\"><caption class=\"wineFacts__headline--3p_-q\"><strong><span style=\"color: #000000;\">Datos acerca del vino<\/span><\/strong><\/caption><tbody><tr data-testid=\"wineFactRow\"><th><div class=\"wineFacts__headingWrapper--1wh-N\"><strong><span class=\"wineFacts__headerLabel--14doB\" style=\"color: #000000;\">Bodega<\/span><\/strong><\/div><\/th><td class=\"wineFacts__fact--3BAsi\"><span style=\"color: #ff6600;\">Castillo de Aza<\/span><\/td><\/tr><tr data-testid=\"wineFactRow\"><th><div class=\"wineFacts__headingWrapper--1wh-N\"><strong><span class=\"wineFacts__headerLabel--14doB\" style=\"color: #000000;\">Uvas<\/span><\/strong><\/div><\/th><td class=\"wineFacts__fact--3BAsi\"><span style=\"color: #ff6600;\">Tempranillo<\/span><\/td><\/tr><tr data-testid=\"wineFactRow\"><th><div class=\"wineFacts__headingWrapper--1wh-N\"><strong><span class=\"wineFacts__headerLabel--14doB\" style=\"color: #000000;\">Regi\u00f3n<\/span><\/strong><\/div><\/th><td class=\"wineFacts__fact--3BAsi\"><span style=\"color: #ff6600;\">Espa\u00f1a \/ Castilla Le\u00f3n\u00a0 \/ Ribera del Duero<\/span>\u00a0<\/td><\/tr><tr data-testid=\"wineFactRow\"><th><div class=\"wineFacts__headingWrapper--1wh-N\"><strong><span class=\"wineFacts__headerLabel--14doB\" style=\"color: #000000;\">Estilo de vino<\/span><\/strong><\/div><\/th><td class=\"wineFacts__fact--3BAsi\"><span style=\"color: #ff6600;\">Ribera del Duero Tinto (Espa\u00f1a)<\/span><\/td><\/tr><tr data-testid=\"wineFactRow\"><th><div class=\"wineFacts__headingWrapper--1wh-N\"><strong><span class=\"wineFacts__headerLabel--14doB\" style=\"color: #000000;\">Contenido de alcohol<\/span><\/strong><\/div><\/th><td class=\"wineFacts__fact--3BAsi\"><span style=\"color: #ff6600;\">13.5%<\/span><\/td><\/tr><tr data-testid=\"wineFactRow\"><th><div class=\"wineFacts__headingWrapper--1wh-N\"><strong><span class=\"wineFacts__headerLabel--14doB\" style=\"color: #000000;\">Al\u00e9rgenos<\/span><\/strong><\/div><\/th><td class=\"wineFacts__fact--3BAsi\"><span style=\"color: #ff6600;\">Contiene sulfitos<\/span><\/td><\/tr><tr data-testid=\"wineFactRow\"><th><div class=\"wineFacts__headingWrapper--1wh-N\"><h3>Descripci\u00f3n del vino<\/h3><\/div><\/th><td class=\"wineFacts__fact--3BAsi\"><p class=\"normal\"><span style=\"color: #ff6600;\">El\u00a0<b>Vino Castillo de Aza Roble\u00a0<\/b>es un delicioso vino tinto elaborado de forma\u00a0<b>artesanal\u00a0<\/b>con uvas de tipo\u00a0\u00a0<b>Tintas\u00a0<\/b>del Pa\u00eds, que se dan en los vi\u00f1edos ubicados en el t\u00e9rmino Municipal de Haza.La\u00a0<b>uva\u00a0<\/b>denominada gen\u00e9ricamente Tinta del Pa\u00eds, mejor conocida en mundo de los vinos como TempranilloEn cuanto a su\u00a0<b>vista<\/b>, este vino posee un equilibrado color cereza intensa y un aroma delicioso a frutos rojos. Y ni qu\u00e9 decir de su sabor, los expertos lo describen como amplio, persistente y armonioso.El Vino Castillo de Aza Roble<b>\u00a0<\/b>con D.O. Ribera del Duero, es un vino realmente\u00a0<b>fresco y equilibrado<\/b>, ideal para tomar y acompa\u00f1ar las carnes.<\/span><\/p><p class=\"normal\"><span style=\"color: #ff6600;\">Entre las\u00a0<b>caracter\u00edsticas\u00a0<\/b>m\u00e1s sobresalientes del Vino Castillo de Aza Roble<b>\u00a0<\/b>con D.O. Ribera del Duero, es que viene en una presentaci\u00f3n en botella 75cl y un volumen de 13,5%<\/span><\/p><\/td><\/tr><\/tbody><\/table>\t\t\t\t\t\t\t\t<\/div>\n\t\t\t\t<\/div>\n\t\t\t\t\t<\/div>\n\t\t\t\t<\/div>\n\t\t\t\t<\/div>\n\t\t\t\t\t<\/div>\n\t\t\t\t<\/div>\n\t\t\t\t<\/div>\n\t\t","protected":false},"excerpt":{"rendered":"<p>\u00a0 \u00a0 \u00a0 \u00a0CASTILLO DE AZA \u00a0 \u00a0 \u00a0 \u00a0 \u00a0 \u00a0Fresco y equilibrado Datos acerca del vino Bodega Castillo de Aza Uvas Tempranillo Regi\u00f3n Espa\u00f1a \/ Castilla Le\u00f3n\u00a0 \/ Ribera del Duero\u00a0 Estilo de vino Ribera del Duero Tinto (Espa\u00f1a) Contenido de alcohol 13.5% Al\u00e9rgenos Contiene sulfitos Descripci\u00f3n del vino El\u00a0Vino Castillo de Aza [&hellip;]<\/p>\n","protected":false},"author":2,"featured_media":0,"parent":0,"menu_order":0,"comment_status":"closed","ping_status":"closed","template":"","meta":{"site-sidebar-layout":"no-sidebar","site-content-layout":"","ast-site-content-layout":"full-width-container","site-content-style":"default","site-sidebar-style":"default","ast-global-header-display":"","ast-banner-title-visibility":"","ast-main-header-display":"","ast-hfb-above-header-display":"","ast-hfb-below-header-display":"","ast-hfb-mobile-header-display":"","site-post-title":"disabled","ast-breadcrumbs-content":"","ast-featured-img":"disabled","footer-sml-layout":"","theme-transparent-header-meta":"","adv-header-id-meta":"","stick-header-meta":"","header-above-stick-meta":"","header-main-stick-meta":"","header-below-stick-meta":"","astra-migrate-meta-layouts":"default","ast-page-background-enabled":"default","ast-page-background-meta":{"desktop":{"background-color":"var(--ast-global-color-4)","background-image":"","background-repeat":"repeat","background-position":"center center","background-size":"auto","background-attachment":"scroll","background-type":"","background-media":"","overlay-type":"","overlay-color":"","overlay-opacity":"","overlay-gradient":""},"tablet":{"background-color":"","background-image":"","background-repeat":"repeat","background-position":"center center","background-size":"auto","background-attachment":"scroll","background-type":"","background-media":"","overlay-type":"","overlay-color":"","overlay-opacity":"","overlay-gradient":""},"mobile":{"background-color":"","background-image":"","background-repeat":"repeat","background-position":"center center","background-size":"auto","background-attachment":"scroll","background-type":"","background-media":"","overlay-type":"","overlay-color":"","overlay-opacity":"","overlay-gradient":""}},"ast-content-background-meta":{"desktop":{"background-color":"var(--ast-global-color-5)","background-image":"","background-repeat":"repeat","background-position":"center center","background-size":"auto","background-attachment":"scroll","background-type":"","background-media":"","overlay-type":"","overlay-color":"","overlay-opacity":"","overlay-gradient":""},"tablet":{"background-color":"var(--ast-global-color-5)","background-image":"","background-repeat":"repeat","background-position":"center center","background-size":"auto","background-attachment":"scroll","background-type":"","background-media":"","overlay-type":"","overlay-color":"","overlay-opacity":"","overlay-gradient":""},"mobile":{"background-color":"var(--ast-global-color-5)","background-image":"","background-repeat":"repeat","background-position":"center center","background-size":"auto","background-attachment":"scroll","background-type":"","background-media":"","overlay-type":"","overlay-color":"","overlay-opacity":"","overlay-gradient":""}},"footnotes":""},"class_list":["post-1627","page","type-page","status-publish","hentry"],"_links":{"self":[{"href":"https:\/\/lospozo.com\/index.php\/wp-json\/wp\/v2\/pages\/1627","targetHints":{"allow":["GET"]}}],"collection":[{"href":"https:\/\/lospozo.com\/index.php\/wp-json\/wp\/v2\/pages"}],"about":[{"href":"https:\/\/lospozo.com\/index.php\/wp-json\/wp\/v2\/types\/page"}],"author":[{"embeddable":true,"href":"https:\/\/lospozo.com\/index.php\/wp-json\/wp\/v2\/users\/2"}],"replies":[{"embeddable":true,"href":"https:\/\/lospozo.com\/index.php\/wp-json\/wp\/v2\/comments?post=1627"}],"version-history":[{"count":47,"href":"https:\/\/lospozo.com\/index.php\/wp-json\/wp\/v2\/pages\/1627\/revisions"}],"predecessor-version":[{"id":2045,"href":"https:\/\/lospozo.com\/index.php\/wp-json\/wp\/v2\/pages\/1627\/revisions\/2045"}],"wp:attachment":[{"href":"https:\/\/lospozo.com\/index.php\/wp-json\/wp\/v2\/media?parent=1627"}],"curies":[{"name":"wp","href":"https:\/\/api.w.org\/{rel}","templated":true}]}}