{"id":1622,"date":"2024-02-23T16:56:38","date_gmt":"2024-02-23T15:56:38","guid":{"rendered":"https:\/\/lospozo.com\/?page_id=1622"},"modified":"2024-02-24T11:50:13","modified_gmt":"2024-02-24T10:50:13","slug":"vino-tinto-ramon-bilbao","status":"publish","type":"page","link":"https:\/\/lospozo.com\/index.php\/vino-tinto-ramon-bilbao\/","title":{"rendered":"Ramon Bilbao"},"content":{"rendered":"\t\t<div data-elementor-type=\"wp-page\" data-elementor-id=\"1622\" class=\"elementor elementor-1622\" data-elementor-post-type=\"page\">\n\t\t\t\t<div class=\"elementor-element elementor-element-c262e82 e-flex e-con-boxed e-con e-parent\" data-id=\"c262e82\" data-element_type=\"container\">\n\t\t\t\t\t<div class=\"e-con-inner\">\n\t\t<div class=\"elementor-element elementor-element-5c5784d e-con-full e-flex e-con e-child\" data-id=\"5c5784d\" data-element_type=\"container\">\n\t\t\t\t<div class=\"elementor-element elementor-element-9686939 elementor-widget elementor-widget-image\" data-id=\"9686939\" data-element_type=\"widget\" data-widget_type=\"image.default\">\n\t\t\t\t<div class=\"elementor-widget-container\">\n\t\t\t\t\t\t\t\t\t\t\t\t\t\t\t<img fetchpriority=\"high\" decoding=\"async\" width=\"160\" height=\"315\" src=\"https:\/\/lospozo.com\/wp-content\/uploads\/2024\/02\/ramon-bilbao-1.jpg\" class=\"attachment-large size-large wp-image-1682\" alt=\"\" srcset=\"https:\/\/lospozo.com\/wp-content\/uploads\/2024\/02\/ramon-bilbao-1.jpg 160w, https:\/\/lospozo.com\/wp-content\/uploads\/2024\/02\/ramon-bilbao-1-152x300.jpg 152w\" sizes=\"(max-width: 160px) 100vw, 160px\" \/>\t\t\t\t\t\t\t\t\t\t\t\t\t\t\t<\/div>\n\t\t\t\t<\/div>\n\t\t\t\t<\/div>\n\t\t<div class=\"elementor-element elementor-element-c380cab e-con-full e-flex e-con e-child\" data-id=\"c380cab\" data-element_type=\"container\">\n\t\t<div class=\"elementor-element elementor-element-dacb088 e-flex e-con-boxed e-con e-child\" data-id=\"dacb088\" data-element_type=\"container\">\n\t\t\t\t\t<div class=\"e-con-inner\">\n\t\t\t\t<div class=\"elementor-element elementor-element-673a23e elementor-widget elementor-widget-text-editor\" data-id=\"673a23e\" data-element_type=\"widget\" data-widget_type=\"text-editor.default\">\n\t\t\t\t<div class=\"elementor-widget-container\">\n\t\t\t\t\t\t\t\t\t<div class=\"product-name\"><h2 class=\"titleproduct\">RAM\u00d3N BILBAO CRIANZA\u00a0<\/h2><h3 class=\"subtitleproduct\"><b>\u00a0Uno de los Crianzas espa\u00f1oles m\u00e1s\u00a0 \u00a0 \u00a0 \u00a0 consumidos<\/b><\/h3><\/div><div class=\"std description\"><table class=\"wineFacts__wineFacts--2Ih8B\"><caption class=\"wineFacts__headline--3p_-q\"><span style=\"color: #000000;\"><strong>Datos acerca del vino<\/strong><\/span><\/caption><tbody><tr data-testid=\"wineFactRow\"><th><div class=\"wineFacts__headingWrapper--1wh-N\"><span style=\"color: #000000;\"><strong><span class=\"wineFacts__headerLabel--14doB\">Bodega<\/span><\/strong><\/span><\/div><\/th><td class=\"wineFacts__fact--3BAsi\"><span style=\"color: #ff6600;\">Ram\u00f3n Bilbao<\/span><\/td><\/tr><tr data-testid=\"wineFactRow\"><th><div class=\"wineFacts__headingWrapper--1wh-N\"><span style=\"color: #000000;\"><strong><span class=\"wineFacts__headerLabel--14doB\">Uvas<\/span><\/strong><\/span><\/div><\/th><td class=\"wineFacts__fact--3BAsi\"><span style=\"color: #ff6600;\">Tempranillo<\/span><\/td><\/tr><tr data-testid=\"wineFactRow\"><th><div class=\"wineFacts__headingWrapper--1wh-N\"><span style=\"color: #000000;\"><strong><span class=\"wineFacts__headerLabel--14doB\">Regi\u00f3n<\/span><\/strong><\/span><\/div><\/th><td class=\"wineFacts__fact--3BAsi\"><span style=\"color: #ff6600;\">Espa\u00f1a \/ Rioja<\/span><\/td><\/tr><tr data-testid=\"wineFactRow\"><th><div class=\"wineFacts__headingWrapper--1wh-N\"><span style=\"color: #000000;\"><strong><span class=\"wineFacts__headerLabel--14doB\">Estilo de vino<\/span><\/strong><\/span><\/div><\/th><td class=\"wineFacts__fact--3BAsi\"><span style=\"color: #ff6600;\">Rioja Tinto (Espa\u00f1a)<\/span><\/td><\/tr><tr data-testid=\"wineFactRow\"><th><div class=\"wineFacts__headingWrapper--1wh-N\"><span style=\"color: #000000;\"><strong><span class=\"wineFacts__headerLabel--14doB\">Contenido de alcohol<\/span><\/strong><\/span><\/div><\/th><td class=\"wineFacts__fact--3BAsi\"><span style=\"color: #ff6600;\">13.5%<\/span><\/td><\/tr><tr data-testid=\"wineFactRow\"><th><div class=\"wineFacts__headingWrapper--1wh-N\"><span style=\"color: #000000;\"><strong><span class=\"wineFacts__headerLabel--14doB\">Al\u00e9rgenos<\/span><\/strong><\/span><\/div><\/th><td class=\"wineFacts__fact--3BAsi\"><span style=\"color: #ff6600;\">Contiene sulfitos, al\u00e9rgenos del huevo, al\u00e9rgenos de la leche<\/span><\/td><\/tr><tr data-testid=\"wineFactRow\"><th><div class=\"wineFacts__headingWrapper--1wh-N\"><h3>Descripci\u00f3n del vino<\/h3><\/div><\/th><td class=\"wineFacts__fact--3BAsi\"><span style=\"color: #ff6600;\">Tiene un color rojo cereza con ribetes rojo rub\u00ed. Aromas limpios y de intensidad media a frutos rojos maduros, laurel y toques minerales y tambi\u00e9n algo de cacao. En boca es fresco y agradable paso en boca donde reaparecen los recuerdos de grosellas y fresas silvestres. Tiene un fondo especiado con ligeras notas de matorral y un posgusto largo.<\/span><\/td><\/tr><\/tbody><\/table><\/div>\t\t\t\t\t\t\t\t<\/div>\n\t\t\t\t<\/div>\n\t\t\t\t\t<\/div>\n\t\t\t\t<\/div>\n\t\t<div class=\"elementor-element elementor-element-ba8ae74 e-flex e-con-boxed e-con e-child\" data-id=\"ba8ae74\" data-element_type=\"container\">\n\t\t\t\t\t<div class=\"e-con-inner\">\n\t\t\t\t\t<\/div>\n\t\t\t\t<\/div>\n\t\t\t\t<\/div>\n\t\t\t\t\t<\/div>\n\t\t\t\t<\/div>\n\t\t\t\t<\/div>\n\t\t","protected":false},"excerpt":{"rendered":"<p>RAM\u00d3N BILBAO CRIANZA\u00a0 \u00a0Uno de los Crianzas espa\u00f1oles m\u00e1s\u00a0 \u00a0 \u00a0 \u00a0 consumidos Datos acerca del vino Bodega Ram\u00f3n Bilbao Uvas Tempranillo Regi\u00f3n Espa\u00f1a \/ Rioja Estilo de vino Rioja Tinto (Espa\u00f1a) Contenido de alcohol 13.5% Al\u00e9rgenos Contiene sulfitos, al\u00e9rgenos del huevo, al\u00e9rgenos de la leche Descripci\u00f3n del vino Tiene un color rojo cereza con [&hellip;]<\/p>\n","protected":false},"author":2,"featured_media":0,"parent":0,"menu_order":0,"comment_status":"closed","ping_status":"closed","template":"elementor_header_footer","meta":{"site-sidebar-layout":"no-sidebar","site-content-layout":"","ast-site-content-layout":"full-width-container","site-content-style":"default","site-sidebar-style":"default","ast-global-header-display":"","ast-banner-title-visibility":"","ast-main-header-display":"","ast-hfb-above-header-display":"","ast-hfb-below-header-display":"","ast-hfb-mobile-header-display":"","site-post-title":"disabled","ast-breadcrumbs-content":"","ast-featured-img":"disabled","footer-sml-layout":"","theme-transparent-header-meta":"","adv-header-id-meta":"","stick-header-meta":"","header-above-stick-meta":"","header-main-stick-meta":"","header-below-stick-meta":"","astra-migrate-meta-layouts":"default","ast-page-background-enabled":"default","ast-page-background-meta":{"desktop":{"background-color":"var(--ast-global-color-4)","background-image":"","background-repeat":"repeat","background-position":"center center","background-size":"auto","background-attachment":"scroll","background-type":"","background-media":"","overlay-type":"","overlay-color":"","overlay-opacity":"","overlay-gradient":""},"tablet":{"background-color":"","background-image":"","background-repeat":"repeat","background-position":"center center","background-size":"auto","background-attachment":"scroll","background-type":"","background-media":"","overlay-type":"","overlay-color":"","overlay-opacity":"","overlay-gradient":""},"mobile":{"background-color":"","background-image":"","background-repeat":"repeat","background-position":"center center","background-size":"auto","background-attachment":"scroll","background-type":"","background-media":"","overlay-type":"","overlay-color":"","overlay-opacity":"","overlay-gradient":""}},"ast-content-background-meta":{"desktop":{"background-color":"var(--ast-global-color-5)","background-image":"","background-repeat":"repeat","background-position":"center center","background-size":"auto","background-attachment":"scroll","background-type":"","background-media":"","overlay-type":"","overlay-color":"","overlay-opacity":"","overlay-gradient":""},"tablet":{"background-color":"var(--ast-global-color-5)","background-image":"","background-repeat":"repeat","background-position":"center center","background-size":"auto","background-attachment":"scroll","background-type":"","background-media":"","overlay-type":"","overlay-color":"","overlay-opacity":"","overlay-gradient":""},"mobile":{"background-color":"var(--ast-global-color-5)","background-image":"","background-repeat":"repeat","background-position":"center center","background-size":"auto","background-attachment":"scroll","background-type":"","background-media":"","overlay-type":"","overlay-color":"","overlay-opacity":"","overlay-gradient":""}},"footnotes":""},"class_list":["post-1622","page","type-page","status-publish","hentry"],"_links":{"self":[{"href":"https:\/\/lospozo.com\/index.php\/wp-json\/wp\/v2\/pages\/1622","targetHints":{"allow":["GET"]}}],"collection":[{"href":"https:\/\/lospozo.com\/index.php\/wp-json\/wp\/v2\/pages"}],"about":[{"href":"https:\/\/lospozo.com\/index.php\/wp-json\/wp\/v2\/types\/page"}],"author":[{"embeddable":true,"href":"https:\/\/lospozo.com\/index.php\/wp-json\/wp\/v2\/users\/2"}],"replies":[{"embeddable":true,"href":"https:\/\/lospozo.com\/index.php\/wp-json\/wp\/v2\/comments?post=1622"}],"version-history":[{"count":29,"href":"https:\/\/lospozo.com\/index.php\/wp-json\/wp\/v2\/pages\/1622\/revisions"}],"predecessor-version":[{"id":1899,"href":"https:\/\/lospozo.com\/index.php\/wp-json\/wp\/v2\/pages\/1622\/revisions\/1899"}],"wp:attachment":[{"href":"https:\/\/lospozo.com\/index.php\/wp-json\/wp\/v2\/media?parent=1622"}],"curies":[{"name":"wp","href":"https:\/\/api.w.org\/{rel}","templated":true}]}}