{"id":1617,"date":"2024-02-23T16:53:55","date_gmt":"2024-02-23T15:53:55","guid":{"rendered":"https:\/\/lospozo.com\/?page_id=1617"},"modified":"2024-02-24T12:07:59","modified_gmt":"2024-02-24T11:07:59","slug":"vino-tinto-arca-de-noe","status":"publish","type":"page","link":"https:\/\/lospozo.com\/index.php\/vino-tinto-arca-de-noe\/","title":{"rendered":"Tinto Arca de No\u00e9"},"content":{"rendered":"\t\t<div data-elementor-type=\"wp-page\" data-elementor-id=\"1617\" class=\"elementor elementor-1617\" data-elementor-post-type=\"page\">\n\t\t\t\t<div class=\"elementor-element elementor-element-43b1e76 e-flex e-con-boxed e-con e-parent\" data-id=\"43b1e76\" data-element_type=\"container\">\n\t\t\t\t\t<div class=\"e-con-inner\">\n\t\t<div class=\"elementor-element elementor-element-43090f0 e-con-full e-flex e-con e-child\" data-id=\"43090f0\" data-element_type=\"container\">\n\t\t\t\t<div class=\"elementor-element elementor-element-1198b65 elementor-widget elementor-widget-image\" data-id=\"1198b65\" data-element_type=\"widget\" data-widget_type=\"image.default\">\n\t\t\t\t<div class=\"elementor-widget-container\">\n\t\t\t\t\t\t\t\t\t\t\t\t\t\t\t<img fetchpriority=\"high\" decoding=\"async\" width=\"450\" height=\"450\" src=\"https:\/\/lospozo.com\/wp-content\/uploads\/2024\/02\/Arca_noe_joven-1.png\" class=\"attachment-large size-large wp-image-1602\" alt=\"\" srcset=\"https:\/\/lospozo.com\/wp-content\/uploads\/2024\/02\/Arca_noe_joven-1.png 450w, https:\/\/lospozo.com\/wp-content\/uploads\/2024\/02\/Arca_noe_joven-1-300x300.png 300w, https:\/\/lospozo.com\/wp-content\/uploads\/2024\/02\/Arca_noe_joven-1-150x150.png 150w, https:\/\/lospozo.com\/wp-content\/uploads\/2024\/02\/Arca_noe_joven-1-100x100.png 100w\" sizes=\"(max-width: 450px) 100vw, 450px\" \/>\t\t\t\t\t\t\t\t\t\t\t\t\t\t\t<\/div>\n\t\t\t\t<\/div>\n\t\t\t\t<\/div>\n\t\t<div class=\"elementor-element elementor-element-8de3271 e-con-full e-flex e-con e-child\" data-id=\"8de3271\" data-element_type=\"container\">\n\t\t<div class=\"elementor-element elementor-element-a251ded e-flex e-con-boxed e-con e-child\" data-id=\"a251ded\" data-element_type=\"container\">\n\t\t\t\t\t<div class=\"e-con-inner\">\n\t\t\t\t<div class=\"elementor-element elementor-element-d43f508 elementor-widget elementor-widget-text-editor\" data-id=\"d43f508\" data-element_type=\"widget\" data-widget_type=\"text-editor.default\">\n\t\t\t\t<div class=\"elementor-widget-container\">\n\t\t\t\t\t\t\t\t\t<h1>\u00a0 \u00a0 \u00a0 \u00a0 \u00a0 \u00a0 ARCA DE NO\u00c9<\/h1><h2><strong>\u00a0Paladar fresco y persistente<\/strong><\/h2><table class=\"wineFacts__wineFacts--2Ih8B\"><caption class=\"wineFacts__headline--3p_-q\"><span style=\"color: #000000;\"><strong>Datos acerca del vino<\/strong><\/span><\/caption><tbody><tr data-testid=\"wineFactRow\"><th><div class=\"wineFacts__headingWrapper--1wh-N\"><strong><span class=\"wineFacts__headerLabel--14doB\" style=\"color: #000000;\">Bodega<\/span><\/strong><\/div><\/th><td class=\"wineFacts__fact--3BAsi\"><span style=\"color: #ff6600;\">Arca de No\u00e9<\/span><\/td><\/tr><tr data-testid=\"wineFactRow\"><th><div class=\"wineFacts__headingWrapper--1wh-N\"><span style=\"color: #000000;\"><strong><span class=\"wineFacts__headerLabel--14doB\">Uvas<\/span><\/strong><\/span><\/div><\/th><td class=\"wineFacts__fact--3BAsi\"><span style=\"color: #ff6600;\">Tempranillo<\/span><\/td><\/tr><tr data-testid=\"wineFactRow\"><th><div class=\"wineFacts__headingWrapper--1wh-N\"><strong><span class=\"wineFacts__headerLabel--14doB\" style=\"color: #000000;\">Regi\u00f3n<\/span><\/strong><\/div><\/th><td class=\"wineFacts__fact--3BAsi\"><span style=\"color: #ff6600;\">Espa\u00f1a \/ Rioja<\/span><\/td><\/tr><tr data-testid=\"wineFactRow\"><th><div class=\"wineFacts__headingWrapper--1wh-N\"><strong><span class=\"wineFacts__headerLabel--14doB\" style=\"color: #000000;\">Estilo de vino<\/span><\/strong><\/div><\/th><td class=\"wineFacts__fact--3BAsi\"><span style=\"color: #ff6600;\">Rioja Tinto (Espa\u00f1a)<\/span><\/td><\/tr><tr data-testid=\"wineFactRow\"><th><div class=\"wineFacts__headingWrapper--1wh-N\"><strong><span class=\"wineFacts__headerLabel--14doB\" style=\"color: #000000;\">Contenido de alcohol<\/span><\/strong><\/div><\/th><td class=\"wineFacts__fact--3BAsi\"><span style=\"color: #ff6600;\">13.5%<\/span><\/td><\/tr><tr data-testid=\"wineFactRow\"><th><div class=\"wineFacts__headingWrapper--1wh-N\"><strong><span class=\"wineFacts__headerLabel--14doB\" style=\"color: #000000;\">Al\u00e9rgenos<\/span><\/strong><\/div><\/th><td class=\"wineFacts__fact--3BAsi\"><span style=\"color: #ff6600;\">Contiene sulfitos<\/span><\/td><\/tr><tr data-testid=\"wineFactRow\"><th><div class=\"wineFacts__headingWrapper--1wh-N\"><h3>Descripci\u00f3n del vino<\/h3><\/div><\/th><td class=\"wineFacts__fact--3BAsi\"><p><em><strong><span style=\"color: #000000;\">ELABORACI\u00d3N<\/span>:\u00a0<\/strong><\/em><span style=\"color: #ff6600;\">Fermentaci\u00f3n en dep\u00f3sitos de acero inoxidable con control de temperatura y aplicando remontados suaves diarios con el fin de potenciar la extracci\u00f3n de color y aromas francos, caracter\u00edsticas del tinto de San Asensio<\/span><\/p><ul class=\"fichavino_caracteristicas\"><li><span style=\"color: #ff6600;\"><em>COLOR:<\/em>\u00a0Rojo violeta de capa media.<\/span><\/li><li><span style=\"color: #ff6600;\"><em>AROMA:<\/em>\u00a0Complejo de frutas rojas con toques de cereza, regaliz, recuerdos de frutos secos y especiado.<\/span><\/li><li><span style=\"color: #ff6600;\"><em>GUSTO:<\/em>\u00a0Paladar fresco con persistencia frutal acentuada.<\/span><\/li><\/ul><p><span style=\"color: #ff6600;\"><em>RETROGUSTO:<\/em>\u00a0Largo y persistente, frutal y muy bals\u00e1mico<\/span><\/p><\/td><\/tr><\/tbody><\/table>\t\t\t\t\t\t\t\t<\/div>\n\t\t\t\t<\/div>\n\t\t\t\t\t<\/div>\n\t\t\t\t<\/div>\n\t\t<div class=\"elementor-element elementor-element-c8dc07c e-flex e-con-boxed e-con e-child\" data-id=\"c8dc07c\" data-element_type=\"container\">\n\t\t\t\t\t<div class=\"e-con-inner\">\n\t\t\t\t\t<\/div>\n\t\t\t\t<\/div>\n\t\t\t\t<\/div>\n\t\t\t\t\t<\/div>\n\t\t\t\t<\/div>\n\t\t\t\t<\/div>\n\t\t","protected":false},"excerpt":{"rendered":"<p>\u00a0 \u00a0 \u00a0 \u00a0 \u00a0 \u00a0 ARCA DE NO\u00c9 \u00a0Paladar fresco y persistente Datos acerca del vino Bodega Arca de No\u00e9 Uvas Tempranillo Regi\u00f3n Espa\u00f1a \/ Rioja Estilo de vino Rioja Tinto (Espa\u00f1a) Contenido de alcohol 13.5% Al\u00e9rgenos Contiene sulfitos Descripci\u00f3n del vino ELABORACI\u00d3N:\u00a0Fermentaci\u00f3n en dep\u00f3sitos de acero inoxidable con control de temperatura y aplicando [&hellip;]<\/p>\n","protected":false},"author":2,"featured_media":0,"parent":0,"menu_order":0,"comment_status":"closed","ping_status":"closed","template":"","meta":{"site-sidebar-layout":"no-sidebar","site-content-layout":"","ast-site-content-layout":"full-width-container","site-content-style":"default","site-sidebar-style":"default","ast-global-header-display":"","ast-banner-title-visibility":"","ast-main-header-display":"","ast-hfb-above-header-display":"","ast-hfb-below-header-display":"","ast-hfb-mobile-header-display":"","site-post-title":"disabled","ast-breadcrumbs-content":"","ast-featured-img":"disabled","footer-sml-layout":"","theme-transparent-header-meta":"","adv-header-id-meta":"","stick-header-meta":"","header-above-stick-meta":"","header-main-stick-meta":"","header-below-stick-meta":"","astra-migrate-meta-layouts":"default","ast-page-background-enabled":"default","ast-page-background-meta":{"desktop":{"background-color":"var(--ast-global-color-4)","background-image":"","background-repeat":"repeat","background-position":"center center","background-size":"auto","background-attachment":"scroll","background-type":"","background-media":"","overlay-type":"","overlay-color":"","overlay-opacity":"","overlay-gradient":""},"tablet":{"background-color":"","background-image":"","background-repeat":"repeat","background-position":"center center","background-size":"auto","background-attachment":"scroll","background-type":"","background-media":"","overlay-type":"","overlay-color":"","overlay-opacity":"","overlay-gradient":""},"mobile":{"background-color":"","background-image":"","background-repeat":"repeat","background-position":"center center","background-size":"auto","background-attachment":"scroll","background-type":"","background-media":"","overlay-type":"","overlay-color":"","overlay-opacity":"","overlay-gradient":""}},"ast-content-background-meta":{"desktop":{"background-color":"var(--ast-global-color-5)","background-image":"","background-repeat":"repeat","background-position":"center center","background-size":"auto","background-attachment":"scroll","background-type":"","background-media":"","overlay-type":"","overlay-color":"","overlay-opacity":"","overlay-gradient":""},"tablet":{"background-color":"var(--ast-global-color-5)","background-image":"","background-repeat":"repeat","background-position":"center center","background-size":"auto","background-attachment":"scroll","background-type":"","background-media":"","overlay-type":"","overlay-color":"","overlay-opacity":"","overlay-gradient":""},"mobile":{"background-color":"var(--ast-global-color-5)","background-image":"","background-repeat":"repeat","background-position":"center center","background-size":"auto","background-attachment":"scroll","background-type":"","background-media":"","overlay-type":"","overlay-color":"","overlay-opacity":"","overlay-gradient":""}},"footnotes":""},"class_list":["post-1617","page","type-page","status-publish","hentry"],"_links":{"self":[{"href":"https:\/\/lospozo.com\/index.php\/wp-json\/wp\/v2\/pages\/1617","targetHints":{"allow":["GET"]}}],"collection":[{"href":"https:\/\/lospozo.com\/index.php\/wp-json\/wp\/v2\/pages"}],"about":[{"href":"https:\/\/lospozo.com\/index.php\/wp-json\/wp\/v2\/types\/page"}],"author":[{"embeddable":true,"href":"https:\/\/lospozo.com\/index.php\/wp-json\/wp\/v2\/users\/2"}],"replies":[{"embeddable":true,"href":"https:\/\/lospozo.com\/index.php\/wp-json\/wp\/v2\/comments?post=1617"}],"version-history":[{"count":30,"href":"https:\/\/lospozo.com\/index.php\/wp-json\/wp\/v2\/pages\/1617\/revisions"}],"predecessor-version":[{"id":1957,"href":"https:\/\/lospozo.com\/index.php\/wp-json\/wp\/v2\/pages\/1617\/revisions\/1957"}],"wp:attachment":[{"href":"https:\/\/lospozo.com\/index.php\/wp-json\/wp\/v2\/media?parent=1617"}],"curies":[{"name":"wp","href":"https:\/\/api.w.org\/{rel}","templated":true}]}}