{"id":1112,"date":"2023-12-27T10:51:50","date_gmt":"2023-12-27T09:51:50","guid":{"rendered":"https:\/\/lospozo.com\/?page_id=1112"},"modified":"2024-02-24T12:22:49","modified_gmt":"2024-02-24T11:22:49","slug":"vinos-blancos","status":"publish","type":"page","link":"https:\/\/lospozo.com\/index.php\/vinos-blancos\/","title":{"rendered":"Vinos Blancos"},"content":{"rendered":"\t\t<div data-elementor-type=\"wp-page\" data-elementor-id=\"1112\" class=\"elementor elementor-1112\" data-elementor-post-type=\"page\">\n\t\t\t\t<div class=\"elementor-element elementor-element-7ec6fce e-flex e-con-boxed e-con e-parent\" data-id=\"7ec6fce\" data-element_type=\"container\">\n\t\t\t\t\t<div class=\"e-con-inner\">\n\t\t<div class=\"elementor-element elementor-element-1e810c2 e-con-full e-flex e-con e-child\" data-id=\"1e810c2\" data-element_type=\"container\">\n\t\t\t\t<div class=\"elementor-element elementor-element-fd5d968 elementor-widget elementor-widget-image\" data-id=\"fd5d968\" data-element_type=\"widget\" data-widget_type=\"image.default\">\n\t\t\t\t<div class=\"elementor-widget-container\">\n\t\t\t\t\t\t\t\t\t\t\t\t\t\t\t<img decoding=\"async\" width=\"120\" height=\"300\" src=\"https:\/\/lospozo.com\/wp-content\/uploads\/2023\/12\/Casa-La-Luna-120x300.jpg\" class=\"attachment-medium size-medium wp-image-1115\" alt=\"\" srcset=\"https:\/\/lospozo.com\/wp-content\/uploads\/2023\/12\/Casa-La-Luna-120x300.jpg 120w, https:\/\/lospozo.com\/wp-content\/uploads\/2023\/12\/Casa-La-Luna.jpg 257w\" sizes=\"(max-width: 120px) 100vw, 120px\" \/>\t\t\t\t\t\t\t\t\t\t\t\t\t\t\t<\/div>\n\t\t\t\t<\/div>\n\t\t\t\t<\/div>\n\t\t<div class=\"elementor-element elementor-element-96c367e e-con-full e-flex e-con e-child\" data-id=\"96c367e\" data-element_type=\"container\">\n\t\t\t\t<div class=\"elementor-element elementor-element-cbb59ad elementor-widget elementor-widget-text-editor\" data-id=\"cbb59ad\" data-element_type=\"widget\" data-widget_type=\"text-editor.default\">\n\t\t\t\t<div class=\"elementor-widget-container\">\n\t\t\t\t\t\t\t\t\t<h3><strong>\u00a0 \u00a0 \u00a0 \u00a0 Casa La Luna Verdejo &#8211; Viura<\/strong><\/h3><table class=\"wineFacts__wineFacts--2Ih8B\"><caption class=\"wineFacts__headline--3p_-q\"><strong><span style=\"color: #000000;\">Datos acerca del vino<\/span><\/strong><\/caption><tbody><tr data-testid=\"wineFactRow\"><th><div class=\"wineFacts__headingWrapper--1wh-N\"><strong><span class=\"wineFacts__headerLabel--14doB\" style=\"color: #000000;\">Bodega<\/span><\/strong><\/div><\/th><td class=\"wineFacts__fact--3BAsi\"><span style=\"color: #ff6600;\">Casa la Luna<\/span><\/td><\/tr><tr data-testid=\"wineFactRow\"><th><div class=\"wineFacts__headingWrapper--1wh-N\"><strong><span class=\"wineFacts__headerLabel--14doB\" style=\"color: #000000;\">Uvas<\/span><\/strong><\/div><\/th><td class=\"wineFacts__fact--3BAsi\"><span style=\"color: #ff6600;\">Viura<\/span>, <span style=\"color: #ff6600;\">Verdejo<\/span><\/td><\/tr><tr data-testid=\"wineFactRow\"><th><div class=\"wineFacts__headingWrapper--1wh-N\"><strong><span class=\"wineFacts__headerLabel--14doB\" style=\"color: #000000;\">Regi\u00f3n<\/span><\/strong><\/div><\/th><td class=\"wineFacts__fact--3BAsi\"><span style=\"color: #ff6600;\">Espa\u00f1a \/ Castilla Le\u00f3n \/ Rueda<\/span><\/td><\/tr><tr data-testid=\"wineFactRow\"><th><div class=\"wineFacts__headingWrapper--1wh-N\"><strong><span class=\"wineFacts__headerLabel--14doB\" style=\"color: #000000;\">Estilo de vino<\/span><\/strong><\/div><\/th><td class=\"wineFacts__fact--3BAsi\"><span style=\"color: #ff6600;\">Blanco Rueda (Espa\u00f1a)<\/span><\/td><\/tr><tr data-testid=\"wineFactRow\"><th><div class=\"wineFacts__headingWrapper--1wh-N\"><strong><span class=\"wineFacts__headerLabel--14doB\" style=\"color: #000000;\">Contenido de alcohol<\/span><\/strong><\/div><\/th><td class=\"wineFacts__fact--3BAsi\"><span style=\"color: #ff6600;\">12.5%<\/span><\/td><\/tr><tr data-testid=\"wineFactRow\"><th><div class=\"wineFacts__headingWrapper--1wh-N\"><strong><span class=\"wineFacts__headerLabel--14doB\" style=\"color: #000000;\">Al\u00e9rgenos<\/span><\/strong><\/div><\/th><td class=\"wineFacts__fact--3BAsi\"><span style=\"color: #ff6600;\">Contiene sulfitos<\/span><\/td><\/tr><tr data-testid=\"wineFactRow\"><th><div class=\"wineFacts__headingWrapper--1wh-N\"><h3>Descripci\u00f3n del vino<\/h3><\/div><\/th><td class=\"wineFacts__fact--3BAsi\"><p><span style=\"color: #ff6600;\">Color amarillo pajizo claro. Nariz primaria e intensa, con aromas de fruta amarilla y blanca madura, sensaciones de flores blancas y hierba de rio que podr\u00eda recordar al verd\u00edn de alberca en campo de naranjos ( aunque es un aroma muy personal ).<\/span><\/p><p><span style=\"color: #ff6600;\">Hay especias, algo de comino, notitas herb\u00e1ceas y vegetales. En boca es rico, con un toquecito dulz\u00f3n de la viura que lo hace placentero en el paso de boca, tiene buena acidez y hay cierto aporte leve vegetal en la evoluci\u00f3n. Llega a un posgusto rico, vegetal y con caracter\u00edsticas organol\u00e9pticas similares a los de la nariz, donde se queda ese toquecito abocadito de una uva blanca bien madurita.<\/span><\/p><p><span style=\"color: #ff6600;\">La fruta es la protagonista en todo el proceso y recuerda a las peras de San Antonio, ciruelas amarillas y los aromas florales blancos ( Azahar \u2013 Nardos ).<\/span><\/p><p><span style=\"color: #ff6600;\">Un vino muy rico, comercial, abocadito y que te invita a tomar cada copa tras terminar la \u00faltima.\u00a0<\/span><\/p><\/td><\/tr><\/tbody><\/table>\t\t\t\t\t\t\t\t<\/div>\n\t\t\t\t<\/div>\n\t\t\t\t<\/div>\n\t\t\t\t\t<\/div>\n\t\t\t\t<\/div>\n\t\t\t\t<\/div>\n\t\t","protected":false},"excerpt":{"rendered":"<p>\u00a0 \u00a0 \u00a0 \u00a0 Casa La Luna Verdejo &#8211; Viura Datos acerca del vino Bodega Casa la Luna Uvas Viura, Verdejo Regi\u00f3n Espa\u00f1a \/ Castilla Le\u00f3n \/ Rueda Estilo de vino Blanco Rueda (Espa\u00f1a) Contenido de alcohol 12.5% Al\u00e9rgenos Contiene sulfitos Descripci\u00f3n del vino Color amarillo pajizo claro. Nariz primaria e intensa, con aromas de [&hellip;]<\/p>\n","protected":false},"author":2,"featured_media":0,"parent":0,"menu_order":0,"comment_status":"closed","ping_status":"closed","template":"elementor_header_footer","meta":{"site-sidebar-layout":"no-sidebar","site-content-layout":"","ast-site-content-layout":"full-width-container","site-content-style":"default","site-sidebar-style":"default","ast-global-header-display":"","ast-banner-title-visibility":"","ast-main-header-display":"","ast-hfb-above-header-display":"","ast-hfb-below-header-display":"","ast-hfb-mobile-header-display":"","site-post-title":"disabled","ast-breadcrumbs-content":"","ast-featured-img":"disabled","footer-sml-layout":"","theme-transparent-header-meta":"","adv-header-id-meta":"","stick-header-meta":"","header-above-stick-meta":"","header-main-stick-meta":"","header-below-stick-meta":"","astra-migrate-meta-layouts":"default","ast-page-background-enabled":"default","ast-page-background-meta":{"desktop":{"background-color":"var(--ast-global-color-4)","background-image":"","background-repeat":"repeat","background-position":"center center","background-size":"auto","background-attachment":"scroll","background-type":"","background-media":"","overlay-type":"","overlay-color":"","overlay-opacity":"","overlay-gradient":""},"tablet":{"background-color":"","background-image":"","background-repeat":"repeat","background-position":"center center","background-size":"auto","background-attachment":"scroll","background-type":"","background-media":"","overlay-type":"","overlay-color":"","overlay-opacity":"","overlay-gradient":""},"mobile":{"background-color":"","background-image":"","background-repeat":"repeat","background-position":"center center","background-size":"auto","background-attachment":"scroll","background-type":"","background-media":"","overlay-type":"","overlay-color":"","overlay-opacity":"","overlay-gradient":""}},"ast-content-background-meta":{"desktop":{"background-color":"var(--ast-global-color-5)","background-image":"","background-repeat":"repeat","background-position":"center center","background-size":"auto","background-attachment":"scroll","background-type":"","background-media":"","overlay-type":"","overlay-color":"","overlay-opacity":"","overlay-gradient":""},"tablet":{"background-color":"var(--ast-global-color-5)","background-image":"","background-repeat":"repeat","background-position":"center center","background-size":"auto","background-attachment":"scroll","background-type":"","background-media":"","overlay-type":"","overlay-color":"","overlay-opacity":"","overlay-gradient":""},"mobile":{"background-color":"var(--ast-global-color-5)","background-image":"","background-repeat":"repeat","background-position":"center center","background-size":"auto","background-attachment":"scroll","background-type":"","background-media":"","overlay-type":"","overlay-color":"","overlay-opacity":"","overlay-gradient":""}},"footnotes":""},"class_list":["post-1112","page","type-page","status-publish","hentry"],"_links":{"self":[{"href":"https:\/\/lospozo.com\/index.php\/wp-json\/wp\/v2\/pages\/1112","targetHints":{"allow":["GET"]}}],"collection":[{"href":"https:\/\/lospozo.com\/index.php\/wp-json\/wp\/v2\/pages"}],"about":[{"href":"https:\/\/lospozo.com\/index.php\/wp-json\/wp\/v2\/types\/page"}],"author":[{"embeddable":true,"href":"https:\/\/lospozo.com\/index.php\/wp-json\/wp\/v2\/users\/2"}],"replies":[{"embeddable":true,"href":"https:\/\/lospozo.com\/index.php\/wp-json\/wp\/v2\/comments?post=1112"}],"version-history":[{"count":31,"href":"https:\/\/lospozo.com\/index.php\/wp-json\/wp\/v2\/pages\/1112\/revisions"}],"predecessor-version":[{"id":1988,"href":"https:\/\/lospozo.com\/index.php\/wp-json\/wp\/v2\/pages\/1112\/revisions\/1988"}],"wp:attachment":[{"href":"https:\/\/lospozo.com\/index.php\/wp-json\/wp\/v2\/media?parent=1112"}],"curies":[{"name":"wp","href":"https:\/\/api.w.org\/{rel}","templated":true}]}}