{"id":1090,"date":"2023-12-26T11:22:07","date_gmt":"2023-12-26T10:22:07","guid":{"rendered":"https:\/\/lospozo.com\/?page_id=1090"},"modified":"2024-02-25T10:39:11","modified_gmt":"2024-02-25T09:39:11","slug":"vinos-rosados","status":"publish","type":"page","link":"https:\/\/lospozo.com\/index.php\/vinos-rosados\/","title":{"rendered":"Vinos Rosados"},"content":{"rendered":"\t\t<div data-elementor-type=\"wp-page\" data-elementor-id=\"1090\" class=\"elementor elementor-1090\" data-elementor-post-type=\"page\">\n\t\t\t\t<div class=\"elementor-element elementor-element-13a98c7 e-flex e-con-boxed e-con e-parent\" data-id=\"13a98c7\" data-element_type=\"container\">\n\t\t\t\t\t<div class=\"e-con-inner\">\n\t\t<div class=\"elementor-element elementor-element-f554d6b e-con-full e-flex e-con e-child\" data-id=\"f554d6b\" data-element_type=\"container\">\n\t\t\t\t<div class=\"elementor-element elementor-element-4c22016 elementor-widget elementor-widget-image\" data-id=\"4c22016\" data-element_type=\"widget\" data-widget_type=\"image.default\">\n\t\t\t\t<div class=\"elementor-widget-container\">\n\t\t\t\t\t\t\t\t\t\t\t\t\t\t\t<img fetchpriority=\"high\" decoding=\"async\" width=\"300\" height=\"300\" src=\"https:\/\/lospozo.com\/wp-content\/uploads\/2023\/12\/LAS-CAMPANAS-ROSADO-300x300.jpg\" class=\"attachment-woocommerce_thumbnail size-woocommerce_thumbnail wp-image-1092\" alt=\"\" srcset=\"https:\/\/lospozo.com\/wp-content\/uploads\/2023\/12\/LAS-CAMPANAS-ROSADO-300x300.jpg 300w, https:\/\/lospozo.com\/wp-content\/uploads\/2023\/12\/LAS-CAMPANAS-ROSADO-150x150.jpg 150w, https:\/\/lospozo.com\/wp-content\/uploads\/2023\/12\/LAS-CAMPANAS-ROSADO-100x100.jpg 100w\" sizes=\"(max-width: 300px) 100vw, 300px\" \/>\t\t\t\t\t\t\t\t\t\t\t\t\t\t\t<\/div>\n\t\t\t\t<\/div>\n\t\t\t\t<\/div>\n\t\t<div class=\"elementor-element elementor-element-8baaacd e-con-full e-flex e-con e-child\" data-id=\"8baaacd\" data-element_type=\"container\">\n\t\t<div class=\"elementor-element elementor-element-90d8c3d e-flex e-con-boxed e-con e-child\" data-id=\"90d8c3d\" data-element_type=\"container\">\n\t\t\t\t\t<div class=\"e-con-inner\">\n\t\t\t\t<div class=\"elementor-element elementor-element-4a77222 elementor-widget elementor-widget-text-editor\" data-id=\"4a77222\" data-element_type=\"widget\" data-widget_type=\"text-editor.default\">\n\t\t\t\t<div class=\"elementor-widget-container\">\n\t\t\t\t\t\t\t\t\t<h2><strong>\u00a0 \u00a0 \u00a0Las Campanas Rosado<\/strong><\/h2><h3><strong><span style=\"color: #000000;\">\u00a0 \u00a0 \u00a0 \u00a0 \u00a0 \u00a0 \u00a0 Vino joven sin crianza<\/span><\/strong><\/h3><table class=\"wineFacts__wineFacts--2Ih8B\" style=\"font-size: 16px; font-style: normal;\"><caption class=\"wineFacts__headline--3p_-q\"><span style=\"color: #000000;\"><strong>Datos acerca del vino<\/strong><\/span><\/caption><tbody><tr data-testid=\"wineFactRow\"><th><div class=\"wineFacts__headingWrapper--1wh-N\"><strong><span class=\"wineFacts__headerLabel--14doB\" style=\"color: #000000;\">Bodega<\/span><\/strong><\/div><\/th><td class=\"wineFacts__fact--3BAsi\"><span style=\"color: #ff6600;\">Las Campanas<\/span><\/td><\/tr><tr data-testid=\"wineFactRow\"><th><div class=\"wineFacts__headingWrapper--1wh-N\"><strong><span class=\"wineFacts__headerLabel--14doB\" style=\"color: #000000;\">Uvas<\/span><\/strong><\/div><\/th><td class=\"wineFacts__fact--3BAsi\"><span style=\"color: #ff6600;\">Garnacha<\/span><\/td><\/tr><tr data-testid=\"wineFactRow\"><th><div class=\"wineFacts__headingWrapper--1wh-N\"><strong><span class=\"wineFacts__headerLabel--14doB\" style=\"color: #000000;\">Regi\u00f3n<\/span><\/strong><\/div><\/th><td class=\"wineFacts__fact--3BAsi\"><span style=\"color: #ff6600;\">Espa\u00f1a \/ Navarra<\/span><\/td><\/tr><tr data-testid=\"wineFactRow\"><th><div class=\"wineFacts__headingWrapper--1wh-N\"><strong><span class=\"wineFacts__headerLabel--14doB\" style=\"color: #000000;\">Estilo de vino<\/span><\/strong><\/div><\/th><td class=\"wineFacts__fact--3BAsi\"><span style=\"color: #ff6600;\">Garnacha Rosada Espa\u00f1ola<\/span><\/td><\/tr><tr data-testid=\"wineFactRow\"><th><div class=\"wineFacts__headingWrapper--1wh-N\"><span class=\"wineFacts__headerLabel--14doB\" style=\"color: #000000;\">Contenido de alcohol<\/span><\/div><\/th><td class=\"wineFacts__fact--3BAsi\"><span style=\"color: #ff6600;\">13.5%<\/span><\/td><\/tr><tr data-testid=\"wineFactRow\"><th><div class=\"wineFacts__headingWrapper--1wh-N\"><strong><span class=\"wineFacts__headerLabel--14doB\" style=\"color: #000000;\">Al\u00e9rgenos<\/span><\/strong><\/div><\/th><td class=\"wineFacts__fact--3BAsi\"><span style=\"color: #ff6600;\">Contiene sulfitos<\/span><\/td><\/tr><tr data-testid=\"wineFactRow\"><th><div class=\"wineFacts__headingWrapper--1wh-N\"><h3>Descripci\u00f3n del vino<\/h3><\/div><\/th><td class=\"wineFacts__fact--3BAsi\"><p><span style=\"color: #ff6600;\">Agradable y completamente refrescante en el paladar, poseer un cuerpo completo y equilibrado, y una gama de aromas perfectamente balanceada.<\/span><\/p><p><span style=\"color: #000000;\"><em><strong>Denominaci\u00f3n de origen Las Campanas Rosado\u00a0<\/strong><\/em><\/span><\/p><p><span style=\"color: #ff6600;\">Pertenece a la DO Navarra. Se extiende desde el sur de Pamplona hasta la cuenca del rio Ebro.<\/span><br \/><span style=\"color: #ff6600;\">Una de las principales caracter\u00edsticas que definen a la D.O. Navarra es la gran diversidad de paisajes y climas que abarca en los 100 km de extensi\u00f3n de norte a sur.<\/span><br \/><span style=\"color: #ff6600;\">En su zona confluyen los climas atl\u00e1nticos, continental y mediterraneo.<\/span><\/p><\/td><\/tr><\/tbody><\/table>\t\t\t\t\t\t\t\t<\/div>\n\t\t\t\t<\/div>\n\t\t\t\t\t<\/div>\n\t\t\t\t<\/div>\n\t\t<div class=\"elementor-element elementor-element-cf561fa e-flex e-con-boxed e-con e-child\" data-id=\"cf561fa\" data-element_type=\"container\">\n\t\t\t\t\t<div class=\"e-con-inner\">\n\t\t\t\t\t<\/div>\n\t\t\t\t<\/div>\n\t\t\t\t<\/div>\n\t\t\t\t\t<\/div>\n\t\t\t\t<\/div>\n\t\t\t\t<\/div>\n\t\t","protected":false},"excerpt":{"rendered":"<p>\u00a0 \u00a0 \u00a0Las Campanas Rosado \u00a0 \u00a0 \u00a0 \u00a0 \u00a0 \u00a0 \u00a0 Vino joven sin crianza Datos acerca del vino Bodega Las Campanas Uvas Garnacha Regi\u00f3n Espa\u00f1a \/ Navarra Estilo de vino Garnacha Rosada Espa\u00f1ola Contenido de alcohol 13.5% Al\u00e9rgenos Contiene sulfitos Descripci\u00f3n del vino Agradable y completamente refrescante en el paladar, poseer un cuerpo [&hellip;]<\/p>\n","protected":false},"author":2,"featured_media":0,"parent":0,"menu_order":0,"comment_status":"closed","ping_status":"closed","template":"elementor_header_footer","meta":{"site-sidebar-layout":"no-sidebar","site-content-layout":"","ast-site-content-layout":"full-width-container","site-content-style":"default","site-sidebar-style":"default","ast-global-header-display":"","ast-banner-title-visibility":"","ast-main-header-display":"","ast-hfb-above-header-display":"","ast-hfb-below-header-display":"","ast-hfb-mobile-header-display":"","site-post-title":"disabled","ast-breadcrumbs-content":"","ast-featured-img":"disabled","footer-sml-layout":"","theme-transparent-header-meta":"","adv-header-id-meta":"","stick-header-meta":"","header-above-stick-meta":"","header-main-stick-meta":"","header-below-stick-meta":"","astra-migrate-meta-layouts":"default","ast-page-background-enabled":"default","ast-page-background-meta":{"desktop":{"background-color":"var(--ast-global-color-4)","background-image":"","background-repeat":"repeat","background-position":"center center","background-size":"auto","background-attachment":"scroll","background-type":"","background-media":"","overlay-type":"","overlay-color":"","overlay-opacity":"","overlay-gradient":""},"tablet":{"background-color":"","background-image":"","background-repeat":"repeat","background-position":"center center","background-size":"auto","background-attachment":"scroll","background-type":"","background-media":"","overlay-type":"","overlay-color":"","overlay-opacity":"","overlay-gradient":""},"mobile":{"background-color":"","background-image":"","background-repeat":"repeat","background-position":"center center","background-size":"auto","background-attachment":"scroll","background-type":"","background-media":"","overlay-type":"","overlay-color":"","overlay-opacity":"","overlay-gradient":""}},"ast-content-background-meta":{"desktop":{"background-color":"var(--ast-global-color-5)","background-image":"","background-repeat":"repeat","background-position":"center center","background-size":"auto","background-attachment":"scroll","background-type":"","background-media":"","overlay-type":"","overlay-color":"","overlay-opacity":"","overlay-gradient":""},"tablet":{"background-color":"var(--ast-global-color-5)","background-image":"","background-repeat":"repeat","background-position":"center center","background-size":"auto","background-attachment":"scroll","background-type":"","background-media":"","overlay-type":"","overlay-color":"","overlay-opacity":"","overlay-gradient":""},"mobile":{"background-color":"var(--ast-global-color-5)","background-image":"","background-repeat":"repeat","background-position":"center center","background-size":"auto","background-attachment":"scroll","background-type":"","background-media":"","overlay-type":"","overlay-color":"","overlay-opacity":"","overlay-gradient":""}},"footnotes":""},"class_list":["post-1090","page","type-page","status-publish","hentry"],"_links":{"self":[{"href":"https:\/\/lospozo.com\/index.php\/wp-json\/wp\/v2\/pages\/1090","targetHints":{"allow":["GET"]}}],"collection":[{"href":"https:\/\/lospozo.com\/index.php\/wp-json\/wp\/v2\/pages"}],"about":[{"href":"https:\/\/lospozo.com\/index.php\/wp-json\/wp\/v2\/types\/page"}],"author":[{"embeddable":true,"href":"https:\/\/lospozo.com\/index.php\/wp-json\/wp\/v2\/users\/2"}],"replies":[{"embeddable":true,"href":"https:\/\/lospozo.com\/index.php\/wp-json\/wp\/v2\/comments?post=1090"}],"version-history":[{"count":46,"href":"https:\/\/lospozo.com\/index.php\/wp-json\/wp\/v2\/pages\/1090\/revisions"}],"predecessor-version":[{"id":2019,"href":"https:\/\/lospozo.com\/index.php\/wp-json\/wp\/v2\/pages\/1090\/revisions\/2019"}],"wp:attachment":[{"href":"https:\/\/lospozo.com\/index.php\/wp-json\/wp\/v2\/media?parent=1090"}],"curies":[{"name":"wp","href":"https:\/\/api.w.org\/{rel}","templated":true}]}}